{"id":1029,"date":"2024-07-09T13:11:06","date_gmt":"2024-07-09T13:11:06","guid":{"rendered":"https:\/\/lexend.themegenix.com\/six\/?page_id=1029"},"modified":"2025-08-29T22:51:39","modified_gmt":"2025-08-29T22:51:39","slug":"career","status":"publish","type":"page","link":"https:\/\/ashantiai.com\/es\/career\/","title":{"rendered":"Career"},"content":{"rendered":"<div data-elementor-type=\"wp-page\" data-elementor-id=\"1029\" class=\"elementor elementor-1029\" data-elementor-post-type=\"page\">\n\t\t\t\t<div class=\"elementor-element elementor-element-319590a e-con-full e-flex animejs-disable e-con e-parent\" data-id=\"319590a\" data-element_type=\"container\" data-e-type=\"container\">\n\t\t<div class=\"elementor-element elementor-element-129d4dd e-flex e-con-boxed animejs-disable e-con e-child\" data-id=\"129d4dd\" data-element_type=\"container\" data-e-type=\"container\">\n\t\t\t\t\t<div class=\"e-con-inner\">\n\t\t<div class=\"elementor-element elementor-element-14c8db0 e-con-full e-flex animejs-disable e-con e-child\" data-id=\"14c8db0\" data-element_type=\"container\" data-e-type=\"container\">\n\t\t\t\t<div class=\"elementor-element elementor-element-8524970 animated-fast animejs-disable elementor-invisible elementor-widget elementor-widget-tg-heading\" data-id=\"8524970\" data-element_type=\"widget\" data-e-type=\"widget\" data-settings=\"{&quot;_animation&quot;:&quot;fadeInUp&quot;}\" data-widget_type=\"tg-heading.default\">\n\t\t\t\t<div class=\"elementor-widget-container\">\n\t\t\t\t\t        <h2 class=\"title tg-element-title mb-0\">Carreras<\/h2>\r\n    \t\t\t\t<\/div>\n\t\t\t\t<\/div>\n\t\t\t\t<div class=\"elementor-element elementor-element-52ece38 dark:text-white text-dark text-opacity-70 animated-fast animejs-disable elementor-invisible elementor-widget elementor-widget-tg-heading\" data-id=\"52ece38\" data-element_type=\"widget\" data-e-type=\"widget\" data-settings=\"{&quot;_animation&quot;:&quot;fadeInUp&quot;}\" data-widget_type=\"tg-heading.default\">\n\t\t\t\t<div class=\"elementor-widget-container\">\n\t\t\t\t\t        <p class=\"title tg-element-title mb-0\">En Ashanti AI, creemos que una tecnolog\u00eda excelente comienza con personas excelentes. Estamos formando un equipo de innovadores, expertos en la resoluci\u00f3n de problemas y entusiastas del cumplimiento normativo que se desenvuelven con soltura en la intersecci\u00f3n entre la inteligencia artificial, la infraestructura empresarial y los sectores regulados. Cada l\u00ednea de c\u00f3digo, cada flujo de trabajo y cada llamada de asistencia tiene un impacto real: permite que los pacientes reciban atenci\u00f3n m\u00e1s r\u00e1pidamente, que las instituciones financieras reduzcan el riesgo y que las empresas alcancen una eficiencia que nunca creyeron posible.<\/p>\r\n    \t\t\t\t<\/div>\n\t\t\t\t<\/div>\n\t\t\t\t<\/div>\n\t\t<div class=\"elementor-element elementor-element-8c6cbab e-con-full e-flex animejs-disable e-con e-child\" data-id=\"8c6cbab\" data-element_type=\"container\" data-e-type=\"container\">\n\t\t\t\t<div class=\"elementor-element elementor-element-6d9fc14 elementor-widget__width-inherit animated-fast animejs-disable elementor-invisible elementor-widget elementor-widget-image\" data-id=\"6d9fc14\" data-element_type=\"widget\" data-e-type=\"widget\" data-settings=\"{&quot;_animation&quot;:&quot;fadeInUp&quot;}\" data-widget_type=\"image.default\">\n\t\t\t\t\t\t\t\t\t\t\t\t\t\t\t<img fetchpriority=\"high\" decoding=\"async\" width=\"1600\" height=\"1068\" src=\"https:\/\/ashantiai.com\/wp-content\/uploads\/2025\/08\/ieic5tq8ymk.jpg\" class=\"attachment-full size-full wp-image-4116\" alt=\"a computer screen with a bunch of code on it\" srcset=\"https:\/\/ashantiai.com\/wp-content\/uploads\/2025\/08\/ieic5tq8ymk.jpg 1600w, https:\/\/ashantiai.com\/wp-content\/uploads\/2025\/08\/ieic5tq8ymk-300x200.jpg 300w, https:\/\/ashantiai.com\/wp-content\/uploads\/2025\/08\/ieic5tq8ymk-1024x684.jpg 1024w, https:\/\/ashantiai.com\/wp-content\/uploads\/2025\/08\/ieic5tq8ymk-768x513.jpg 768w, https:\/\/ashantiai.com\/wp-content\/uploads\/2025\/08\/ieic5tq8ymk-1536x1025.jpg 1536w\" sizes=\"(max-width: 1600px) 100vw, 1600px\" \/>\t\t\t\t\t\t\t\t\t\t\t\t\t\t\t<\/div>\n\t\t\t\t<\/div>\n\t\t\t\t\t<\/div>\n\t\t\t\t<\/div>\n\t\t\t\t<\/div>\n\t\t<div class=\"elementor-element elementor-element-4ddc34a dark:bg-gray-300 dark:bg-opacity-10 e-flex e-con-boxed animejs-disable e-con e-parent\" data-id=\"4ddc34a\" data-element_type=\"container\" data-e-type=\"container\" data-settings=\"{&quot;background_background&quot;:&quot;classic&quot;}\">\n\t\t\t\t\t<div class=\"e-con-inner\">\n\t\t<div class=\"elementor-element elementor-element-3f5280a e-con-full e-flex animejs-disable e-con e-child\" data-id=\"3f5280a\" data-element_type=\"container\" data-e-type=\"container\">\n\t\t\t\t<div class=\"elementor-element elementor-element-8f2d5bf animejs-disable elementor-widget elementor-widget-tg-heading\" data-id=\"8f2d5bf\" data-element_type=\"widget\" data-e-type=\"widget\" data-widget_type=\"tg-heading.default\">\n\t\t\t\t<div class=\"elementor-widget-container\">\n\t\t\t\t\t        <h2 class=\"title tg-element-title mb-0\">Ofertas de empleo actuales<\/h2>\r\n    \t\t\t\t<\/div>\n\t\t\t\t<\/div>\n\t\t<div class=\"elementor-element elementor-element-c70c993 e-grid e-con-full animejs-disable e-con e-child\" data-id=\"c70c993\" data-element_type=\"container\" data-e-type=\"container\">\n\t\t\t\t<div class=\"elementor-element elementor-element-6dca9c0 animejs-disable elementor-widget elementor-widget-tg-job\" data-id=\"6dca9c0\" data-element_type=\"widget\" data-e-type=\"widget\" data-widget_type=\"tg-job.default\">\n\t\t\t\t<div class=\"elementor-widget-container\">\n\t\t\t\t\t\r\n        \r\n            <div class=\"panel vstack justify-end items-end gap-1 p-3 rounded lg:rounded-2 bg-white dark:bg-gray-300 dark:bg-opacity-10\">\r\n                <div class=\"vstack gap-narrow\">\r\n                                            <h5 class=\"h6 lg:h5 m-0\">Ingeniero s\u00e9nior de front-end, Core<\/h5>\r\n                                                                <span class=\"fs-6 text-dark dark:text-white text-opacity-70\">A distancia<\/span>\r\n                                    <\/div>\r\n                                    <a class='uc-link fs-7 fw-bold d-inline-flex items-center gap-narrow border-bottom pb-narrow' href='#'>\r\n                        <span>Solicita ahora<\/span>\r\n                        <i class=\"icon icon-narrow unicon-arrow-up-right fw-bold rtl:-rotate-90\"><\/i>\r\n                    <\/a>\r\n                            <\/div>\r\n\r\n        \r\n\t\t\t\t<\/div>\n\t\t\t\t<\/div>\n\t\t\t\t<div class=\"elementor-element elementor-element-f4858d5 animejs-disable elementor-widget elementor-widget-tg-job\" data-id=\"f4858d5\" data-element_type=\"widget\" data-e-type=\"widget\" data-widget_type=\"tg-job.default\">\n\t\t\t\t<div class=\"elementor-widget-container\">\n\t\t\t\t\t\r\n        \r\n            <div class=\"panel vstack justify-end items-end gap-1 p-3 rounded lg:rounded-2 bg-white dark:bg-gray-300 dark:bg-opacity-10\">\r\n                <div class=\"vstack gap-narrow\">\r\n                                            <h5 class=\"h6 lg:h5 m-0\">Ingeniero s\u00e9nior de front-end, IA<\/h5>\r\n                                                                <span class=\"fs-6 text-dark dark:text-white text-opacity-70\">A distancia<\/span>\r\n                                    <\/div>\r\n                                    <a class='uc-link fs-7 fw-bold d-inline-flex items-center gap-narrow border-bottom pb-narrow' href='#'>\r\n                        <span>Solicita ahora<\/span>\r\n                        <i class=\"icon icon-narrow unicon-arrow-up-right fw-bold rtl:-rotate-90\"><\/i>\r\n                    <\/a>\r\n                            <\/div>\r\n\r\n        \r\n\t\t\t\t<\/div>\n\t\t\t\t<\/div>\n\t\t\t\t<div class=\"elementor-element elementor-element-a6d5c97 animejs-disable elementor-widget elementor-widget-tg-job\" data-id=\"a6d5c97\" data-element_type=\"widget\" data-e-type=\"widget\" data-widget_type=\"tg-job.default\">\n\t\t\t\t<div class=\"elementor-widget-container\">\n\t\t\t\t\t\r\n        \r\n            <div class=\"panel vstack justify-end items-end gap-1 p-3 rounded lg:rounded-2 bg-white dark:bg-gray-300 dark:bg-opacity-10\">\r\n                <div class=\"vstack gap-narrow\">\r\n                                            <h5 class=\"h6 lg:h5 m-0\">Ingeniero s\u00e9nior de Python, departamento de Crecimiento<\/h5>\r\n                                                                <span class=\"fs-6 text-dark dark:text-white text-opacity-70\">Interno<\/span>\r\n                                    <\/div>\r\n                                    <a class='uc-link fs-7 fw-bold d-inline-flex items-center gap-narrow border-bottom pb-narrow' href='#'>\r\n                        <span>Solicita ahora<\/span>\r\n                        <i class=\"icon icon-narrow unicon-arrow-up-right fw-bold rtl:-rotate-90\"><\/i>\r\n                    <\/a>\r\n                            <\/div>\r\n\r\n        \r\n\t\t\t\t<\/div>\n\t\t\t\t<\/div>\n\t\t\t\t<div class=\"elementor-element elementor-element-acc7c3b animejs-disable elementor-widget elementor-widget-tg-job\" data-id=\"acc7c3b\" data-element_type=\"widget\" data-e-type=\"widget\" data-widget_type=\"tg-job.default\">\n\t\t\t\t<div class=\"elementor-widget-container\">\n\t\t\t\t\t\r\n        \r\n            <div class=\"panel vstack justify-end items-end gap-1 p-3 rounded lg:rounded-2 bg-white dark:bg-gray-300 dark:bg-opacity-10\">\r\n                <div class=\"vstack gap-narrow\">\r\n                                            <h5 class=\"h6 lg:h5 m-0\">Director de Contabilidad<\/h5>\r\n                                                                <span class=\"fs-6 text-dark dark:text-white text-opacity-70\">Interno<\/span>\r\n                                    <\/div>\r\n                                    <a class='uc-link fs-7 fw-bold d-inline-flex items-center gap-narrow border-bottom pb-narrow' href='#'>\r\n                        <span>Solicita ahora<\/span>\r\n                        <i class=\"icon icon-narrow unicon-arrow-up-right fw-bold rtl:-rotate-90\"><\/i>\r\n                    <\/a>\r\n                            <\/div>\r\n\r\n        \r\n\t\t\t\t<\/div>\n\t\t\t\t<\/div>\n\t\t\t\t<\/div>\n\t\t\t\t<\/div>\n\t\t\t\t\t<\/div>\n\t\t\t\t<\/div>\n\t\t\t\t<\/div>","protected":false},"excerpt":{"rendered":"<p>Careers At Ashanti AI, we believe great technology starts with great people. We are building a team of innovators, problem-solvers, and compliance enthusiasts who thrive at the intersection of AI, enterprise infrastructure, and regulated industries. Every line of code, every workflow, and every support call has a real impact \u2014 on patients receiving care faster, [&hellip;]<\/p>\n","protected":false},"author":1,"featured_media":0,"parent":0,"menu_order":0,"comment_status":"closed","ping_status":"closed","template":"elementor_header_footer","meta":{"_acf_changed":false,"footnotes":""},"class_list":["post-1029","page","type-page","status-publish","hentry"],"acf":[],"_links":{"self":[{"href":"https:\/\/ashantiai.com\/es\/wp-json\/wp\/v2\/pages\/1029","targetHints":{"allow":["GET"]}}],"collection":[{"href":"https:\/\/ashantiai.com\/es\/wp-json\/wp\/v2\/pages"}],"about":[{"href":"https:\/\/ashantiai.com\/es\/wp-json\/wp\/v2\/types\/page"}],"author":[{"embeddable":true,"href":"https:\/\/ashantiai.com\/es\/wp-json\/wp\/v2\/users\/1"}],"replies":[{"embeddable":true,"href":"https:\/\/ashantiai.com\/es\/wp-json\/wp\/v2\/comments?post=1029"}],"version-history":[{"count":10,"href":"https:\/\/ashantiai.com\/es\/wp-json\/wp\/v2\/pages\/1029\/revisions"}],"predecessor-version":[{"id":4136,"href":"https:\/\/ashantiai.com\/es\/wp-json\/wp\/v2\/pages\/1029\/revisions\/4136"}],"wp:attachment":[{"href":"https:\/\/ashantiai.com\/es\/wp-json\/wp\/v2\/media?parent=1029"}],"curies":[{"name":"wp","href":"https:\/\/api.w.org\/{rel}","templated":true}]}}