{"id":1322,"date":"2024-07-13T06:51:14","date_gmt":"2024-07-13T06:51:14","guid":{"rendered":"https:\/\/lexend.themegenix.com\/six\/?page_id=1322"},"modified":"2024-07-13T06:51:14","modified_gmt":"2024-07-13T06:51:14","slug":"terms-of-use","status":"publish","type":"page","link":"https:\/\/ashantiai.com\/es\/terms-of-use\/","title":{"rendered":"Condiciones de uso"},"content":{"rendered":"<div data-elementor-type=\"wp-page\" data-elementor-id=\"1322\" class=\"elementor elementor-1322\" data-elementor-post-type=\"page\">\n\t\t\t\t<div class=\"elementor-element elementor-element-aae1d2c e-flex e-con-boxed animejs-disable e-con e-parent\" data-id=\"aae1d2c\" data-element_type=\"container\" data-e-type=\"container\">\n\t\t\t\t\t<div class=\"e-con-inner\">\n\t\t\t\t<div class=\"elementor-element elementor-element-4d25041 animejs-disable elementor-widget elementor-widget-tg-heading\" data-id=\"4d25041\" data-element_type=\"widget\" data-e-type=\"widget\" data-widget_type=\"tg-heading.default\">\n\t\t\t\t<div class=\"elementor-widget-container\">\n\t\t\t\t\t        <h2 class=\"title tg-element-title mb-0\">Condiciones de uso<\/h2>\r\n    \t\t\t\t<\/div>\n\t\t\t\t<\/div>\n\t\t<div class=\"elementor-element elementor-element-f7a6f22 e-con-full e-flex animejs-disable e-con e-child\" data-id=\"f7a6f22\" data-element_type=\"container\" data-e-type=\"container\">\n\t\t\t\t<div class=\"elementor-element elementor-element-a1551a3 dark:text-white text-dark text-opacity-70 animejs-disable elementor-widget elementor-widget-tg-heading\" data-id=\"a1551a3\" data-element_type=\"widget\" data-e-type=\"widget\" data-widget_type=\"tg-heading.default\">\n\t\t\t\t<div class=\"elementor-widget-container\">\n\t\t\t\t\t        <p class=\"title tg-element-title mb-0\">Condiciones de uso: dolor sit amet, consectetur adipisicing elit. Recusandae, provident, ullam aperiam, quo ad non corrupti sit vel quam repellat ipsa quod sed; repellendus adipisci, ducimus ea modi odio assumenda.<\/p>\r\n    \t\t\t\t<\/div>\n\t\t\t\t<\/div>\n\t\t\t\t<div class=\"elementor-element elementor-element-2bfd39b animejs-disable elementor-widget elementor-widget-tg-heading\" data-id=\"2bfd39b\" data-element_type=\"widget\" data-e-type=\"widget\" data-widget_type=\"tg-heading.default\">\n\t\t\t\t<div class=\"elementor-widget-container\">\n\t\t\t\t\t        <h2 class=\"title tg-element-title mb-0\">Aviso legal<\/h2>\r\n    \t\t\t\t<\/div>\n\t\t\t\t<\/div>\n\t\t\t\t<div class=\"elementor-element elementor-element-b24e57c dark:text-white text-dark text-opacity-70 animejs-disable elementor-widget elementor-widget-tg-heading\" data-id=\"b24e57c\" data-element_type=\"widget\" data-e-type=\"widget\" data-widget_type=\"tg-heading.default\">\n\t\t\t\t<div class=\"elementor-widget-container\">\n\t\t\t\t\t        <p class=\"title tg-element-title mb-0\">Muchos programas de autoedici\u00f3n y editores de p\u00e1ginas web utilizan hoy en d\u00eda \u00abLorem Ipsum\u00bb como texto de muestra predeterminado, y una b\u00fasqueda de \u00ablorem ipsum\u00bb revelar\u00e1 numerosos sitios web que a\u00fan se encuentran en una fase inicial. A lo largo de los a\u00f1os han surgido diversas versiones, a veces por casualidad, otras a prop\u00f3sito (con toques de humor y similares).<\/p>\r\n    \t\t\t\t<\/div>\n\t\t\t\t<\/div>\n\t\t\t\t<div class=\"elementor-element elementor-element-1be502e dark:text-white text-dark text-opacity-70 animejs-disable elementor-widget elementor-widget-tg-heading\" data-id=\"1be502e\" data-element_type=\"widget\" data-e-type=\"widget\" data-widget_type=\"tg-heading.default\">\n\t\t\t\t<div class=\"elementor-widget-container\">\n\t\t\t\t\t        <p class=\"title tg-element-title mb-0\">Todos los generadores de Lorem Ipsum que hay en Internet suelen repetir fragmentos predefinidos tantas veces como sea necesario, lo que convierte a este en el primer generador aut\u00e9ntico de Internet.<\/p>\r\n    \t\t\t\t<\/div>\n\t\t\t\t<\/div>\n\t\t\t\t<div class=\"elementor-element elementor-element-406db11 animejs-disable elementor-widget elementor-widget-tg-heading\" data-id=\"406db11\" data-element_type=\"widget\" data-e-type=\"widget\" data-widget_type=\"tg-heading.default\">\n\t\t\t\t<div class=\"elementor-widget-container\">\n\t\t\t\t\t        <h2 class=\"title tg-element-title mb-0\">Limitaci\u00f3n de responsabilidad<\/h2>\r\n    \t\t\t\t<\/div>\n\t\t\t\t<\/div>\n\t\t\t\t<div class=\"elementor-element elementor-element-47f37ca dark:text-white text-dark text-opacity-70 animejs-disable elementor-widget elementor-widget-tg-heading\" data-id=\"47f37ca\" data-element_type=\"widget\" data-e-type=\"widget\" data-widget_type=\"tg-heading.default\">\n\t\t\t\t<div class=\"elementor-widget-container\">\n\t\t\t\t\t        <p class=\"title tg-element-title mb-0\">Todos los generadores de Lorem Ipsum que hay en Internet tienden a repetir fragmentos predefinidos tantas veces como sea necesario, lo que convierte a este en el primer generador aut\u00e9ntico de la red. Utiliza un diccionario de m\u00e1s de 200 palabras en lat\u00edn, combinadas con unas cuantas estructuras de frases modelo, para generar un Lorem Ipsum que resulte cre\u00edble. Por lo tanto, el Lorem Ipsum generado siempre est\u00e1 libre de repeticiones, de toques de humor o de palabras fuera de contexto, etc.<\/p>\r\n    \t\t\t\t<\/div>\n\t\t\t\t<\/div>\n\t\t\t\t<div class=\"elementor-element elementor-element-8760f3d dark:text-white text-dark text-opacity-70 animejs-disable elementor-widget elementor-widget-tg-heading\" data-id=\"8760f3d\" data-element_type=\"widget\" data-e-type=\"widget\" data-widget_type=\"tg-heading.default\">\n\t\t\t\t<div class=\"elementor-widget-container\">\n\t\t\t\t\t        <p class=\"title tg-element-title mb-0\">Existen muchas variantes de los pasajes de Lorem Ipsum, pero la mayor\u00eda han sufrido alg\u00fan tipo de alteraci\u00f3n, ya sea mediante la incorporaci\u00f3n de humor o la inserci\u00f3n de palabras aleatorias que no parecen ni remotamente cre\u00edbles.<\/p>\r\n    \t\t\t\t<\/div>\n\t\t\t\t<\/div>\n\t\t\t\t<div class=\"elementor-element elementor-element-9e5230d animejs-disable elementor-widget elementor-widget-tg-heading\" data-id=\"9e5230d\" data-element_type=\"widget\" data-e-type=\"widget\" data-widget_type=\"tg-heading.default\">\n\t\t\t\t<div class=\"elementor-widget-container\">\n\t\t\t\t\t        <h2 class=\"title tg-element-title mb-0\">Pol\u00edtica de derechos de autor<\/h2>\r\n    \t\t\t\t<\/div>\n\t\t\t\t<\/div>\n\t\t\t\t<div class=\"elementor-element elementor-element-5bcbd88 dark:text-white text-dark text-opacity-70 animejs-disable elementor-widget elementor-widget-tg-heading\" data-id=\"5bcbd88\" data-element_type=\"widget\" data-e-type=\"widget\" data-widget_type=\"tg-heading.default\">\n\t\t\t\t<div class=\"elementor-widget-container\">\n\t\t\t\t\t        <p class=\"title tg-element-title mb-0\">Es un hecho ampliamente reconocido que, al observar el dise\u00f1o de una p\u00e1gina, el lector se distrae con el contenido legible de la misma. La ventaja de utilizar Lorem Ipsum es que presenta una distribuci\u00f3n de letras m\u00e1s o menos normal.<\/p>\r\n    \t\t\t\t<\/div>\n\t\t\t\t<\/div>\n\t\t\t\t<div class=\"elementor-element elementor-element-2a5d71d dark:text-white text-dark text-opacity-70 animejs-disable elementor-widget elementor-widget-tg-heading\" data-id=\"2a5d71d\" data-element_type=\"widget\" data-e-type=\"widget\" data-widget_type=\"tg-heading.default\">\n\t\t\t\t<div class=\"elementor-widget-container\">\n\t\t\t\t\t        <p class=\"title tg-element-title mb-0\">Todos los generadores de Lorem Ipsum que hay en Internet suelen repetir fragmentos predefinidos tantas veces como sea necesario, lo que convierte a este en el primer generador aut\u00e9ntico de Internet.<\/p>\r\n    \t\t\t\t<\/div>\n\t\t\t\t<\/div>\n\t\t\t\t<div class=\"elementor-element elementor-element-e3e8352 dark:text-white text-dark text-opacity-70 animejs-disable elementor-widget elementor-widget-tg-heading\" data-id=\"e3e8352\" data-element_type=\"widget\" data-e-type=\"widget\" data-widget_type=\"tg-heading.default\">\n\t\t\t\t<div class=\"elementor-widget-container\">\n\t\t\t\t\t        <p class=\"title tg-element-title mb-0\">No solo ha sobrevivido a cinco siglos, sino tambi\u00e9n al paso a la composici\u00f3n tipogr\u00e1fica electr\u00f3nica, sin sufrir cambios sustanciales.<\/p>\r\n    \t\t\t\t<\/div>\n\t\t\t\t<\/div>\n\t\t\t\t<div class=\"elementor-element elementor-element-f468cd4 animejs-disable elementor-widget elementor-widget-tg-heading\" data-id=\"f468cd4\" data-element_type=\"widget\" data-e-type=\"widget\" data-widget_type=\"tg-heading.default\">\n\t\t\t\t<div class=\"elementor-widget-container\">\n\t\t\t\t\t        <h2 class=\"title tg-element-title mb-0\">General<\/h2>\r\n    \t\t\t\t<\/div>\n\t\t\t\t<\/div>\n\t\t\t\t<div class=\"elementor-element elementor-element-45e43f1 dark:text-white text-dark text-opacity-70 animejs-disable elementor-widget elementor-widget-tg-heading\" data-id=\"45e43f1\" data-element_type=\"widget\" data-e-type=\"widget\" data-widget_type=\"tg-heading.default\">\n\t\t\t\t<div class=\"elementor-widget-container\">\n\t\t\t\t\t        <p class=\"title tg-element-title mb-0\">Todos los generadores de Internet tienden a repetir fragmentos predefinidos tantas veces como sea necesario, lo que convierte a este en el primer generador aut\u00e9ntico de Internet. Utiliza un diccionario de m\u00e1s de 200 palabras en lat\u00edn, combinadas con unas cuantas estructuras de frases modelo, para generar un Lorem Ipsum que parezca razonable. Por lo tanto, el Lorem Ipsum generado siempre est\u00e1 libre de repeticiones, de toques de humor o de palabras fuera de contexto, etc.<\/p>\r\n    \t\t\t\t<\/div>\n\t\t\t\t<\/div>\n\t\t\t\t<div class=\"elementor-element elementor-element-d12ec26 dark:text-white text-dark text-opacity-70 animejs-disable elementor-widget elementor-widget-tg-heading\" data-id=\"d12ec26\" data-element_type=\"widget\" data-e-type=\"widget\" data-widget_type=\"tg-heading.default\">\n\t\t\t\t<div class=\"elementor-widget-container\">\n\t\t\t\t\t        <p class=\"title tg-element-title mb-0\">Todos los generadores de Lorem Ipsum que hay en Internet suelen repetir fragmentos predefinidos tantas veces como sea necesario, lo que convierte a este en el primer generador aut\u00e9ntico de Internet.<\/p>\r\n    \t\t\t\t<\/div>\n\t\t\t\t<\/div>\n\t\t\t\t<\/div>\n\t\t\t\t<div class=\"elementor-element elementor-element-7c2c6fb animejs-disable elementor-widget elementor-widget-tg-heading\" data-id=\"7c2c6fb\" data-element_type=\"widget\" data-e-type=\"widget\" data-widget_type=\"tg-heading.default\">\n\t\t\t\t<div class=\"elementor-widget-container\">\n\t\t\t\t\t        <p class=\"title tg-element-title mb-0\">\u00daltima actualizaci\u00f3n: 27 de octubre de 2024<\/p>\r\n    \t\t\t\t<\/div>\n\t\t\t\t<\/div>\n\t\t\t\t\t<\/div>\n\t\t\t\t<\/div>\n\t\t\t\t<\/div>","protected":false},"excerpt":{"rendered":"<p>Terms of use Terms of use dolor sit amet consectetur, adipisicing elit. Recusandae provident ullam aperiam quo ad non corrupti sit vel quam repellat ipsa quod sed, repellendus adipisci, ducimus ea modi odio assumenda. Disclaimers Many desktop publishing packages and web page editors now use Lorem Ipsum as their default model text, and a search [&hellip;]<\/p>\n","protected":false},"author":1,"featured_media":0,"parent":0,"menu_order":0,"comment_status":"closed","ping_status":"closed","template":"elementor_header_footer","meta":{"_acf_changed":false,"footnotes":""},"class_list":["post-1322","page","type-page","status-publish","hentry"],"acf":[],"_links":{"self":[{"href":"https:\/\/ashantiai.com\/es\/wp-json\/wp\/v2\/pages\/1322","targetHints":{"allow":["GET"]}}],"collection":[{"href":"https:\/\/ashantiai.com\/es\/wp-json\/wp\/v2\/pages"}],"about":[{"href":"https:\/\/ashantiai.com\/es\/wp-json\/wp\/v2\/types\/page"}],"author":[{"embeddable":true,"href":"https:\/\/ashantiai.com\/es\/wp-json\/wp\/v2\/users\/1"}],"replies":[{"embeddable":true,"href":"https:\/\/ashantiai.com\/es\/wp-json\/wp\/v2\/comments?post=1322"}],"version-history":[{"count":0,"href":"https:\/\/ashantiai.com\/es\/wp-json\/wp\/v2\/pages\/1322\/revisions"}],"wp:attachment":[{"href":"https:\/\/ashantiai.com\/es\/wp-json\/wp\/v2\/media?parent=1322"}],"curies":[{"name":"wp","href":"https:\/\/api.w.org\/{rel}","templated":true}]}}