{"id":3753,"date":"2024-06-20T14:58:49","date_gmt":"2024-06-20T14:58:49","guid":{"rendered":"https:\/\/lexend.themegenix.com\/six\/?page_id=3"},"modified":"2025-08-29T23:00:13","modified_gmt":"2025-08-29T23:00:13","slug":"privacy-policy","status":"publish","type":"page","link":"https:\/\/ashantiai.com\/es\/privacy-policy\/","title":{"rendered":"Pol\u00edtica de privacidad"},"content":{"rendered":"<div data-elementor-type=\"wp-page\" data-elementor-id=\"3753\" class=\"elementor elementor-3753\" data-elementor-post-type=\"page\">\n\t\t\t\t<div class=\"elementor-element elementor-element-3221f1f e-flex e-con-boxed animejs-disable e-con e-parent\" data-id=\"3221f1f\" data-element_type=\"container\" data-e-type=\"container\">\n\t\t\t\t\t<div class=\"e-con-inner\">\n\t\t\t\t<div class=\"elementor-element elementor-element-faf83f8 animejs-disable elementor-widget elementor-widget-tg-heading\" data-id=\"faf83f8\" data-element_type=\"widget\" data-e-type=\"widget\" data-widget_type=\"tg-heading.default\">\n\t\t\t\t<div class=\"elementor-widget-container\">\n\t\t\t\t\t        <h2 class=\"title tg-element-title mb-0\">Pol\u00edtica de privacidad<\/h2>\r\n    \t\t\t\t<\/div>\n\t\t\t\t<\/div>\n\t\t<div class=\"elementor-element elementor-element-73e5faa e-con-full e-flex animejs-disable e-con e-child\" data-id=\"73e5faa\" data-element_type=\"container\" data-e-type=\"container\">\n\t\t\t\t<div class=\"elementor-element elementor-element-1251dc2 dark:text-white text-dark text-opacity-70 animejs-disable elementor-widget elementor-widget-tg-heading\" data-id=\"1251dc2\" data-element_type=\"widget\" data-e-type=\"widget\" data-widget_type=\"tg-heading.default\">\n\t\t\t\t<div class=\"elementor-widget-container\">\n\t\t\t\t\t        <p class=\"title tg-element-title mb-0\">Es un hecho ampliamente reconocido que, al observar el dise\u00f1o de una p\u00e1gina, el lector se distrae con el contenido legible de la misma. La ventaja de utilizar Lorem Ipsum es que presenta una distribuci\u00f3n de letras m\u00e1s o menos normal, a diferencia de expresiones como \u00abContenido aqu\u00ed, contenido aqu\u00ed\u00bb, lo que hace que parezca un texto legible en ingl\u00e9s.<\/p>\r\n    \t\t\t\t<\/div>\n\t\t\t\t<\/div>\n\t\t\t\t<div class=\"elementor-element elementor-element-1e5a276 dark:text-white text-dark text-opacity-70 animejs-disable elementor-widget elementor-widget-tg-heading\" data-id=\"1e5a276\" data-element_type=\"widget\" data-e-type=\"widget\" data-widget_type=\"tg-heading.default\">\n\t\t\t\t<div class=\"elementor-widget-container\">\n\t\t\t\t\t        <p class=\"title tg-element-title mb-0\">Muchos programas de autoedici\u00f3n y editores de p\u00e1ginas web utilizan hoy en d\u00eda \u00abLorem Ipsum\u00bb como texto de muestra predeterminado, y una b\u00fasqueda de \u00ablorem ipsum\u00bb revelar\u00e1 numerosos sitios web que a\u00fan se encuentran en una fase inicial. A lo largo de los a\u00f1os han surgido diversas versiones, a veces por casualidad, otras a prop\u00f3sito (con toques de humor y similares).<\/p>\r\n    \t\t\t\t<\/div>\n\t\t\t\t<\/div>\n\t\t\t\t<div class=\"elementor-element elementor-element-5bb52c3 dark:text-white text-dark text-opacity-70 animejs-disable elementor-widget elementor-widget-tg-heading\" data-id=\"5bb52c3\" data-element_type=\"widget\" data-e-type=\"widget\" data-widget_type=\"tg-heading.default\">\n\t\t\t\t<div class=\"elementor-widget-container\">\n\t\t\t\t\t        <p class=\"title tg-element-title mb-0\">Todos los generadores de Lorem Ipsum que hay en Internet tienden a repetir fragmentos predefinidos tantas veces como sea necesario, lo que convierte a este en el primer generador aut\u00e9ntico de la red. Utiliza un diccionario de m\u00e1s de 200 palabras en lat\u00edn, combinadas con unas cuantas estructuras de frases modelo, para generar un Lorem Ipsum que resulte cre\u00edble. Por lo tanto, el Lorem Ipsum generado siempre est\u00e1 libre de repeticiones, de toques de humor o de palabras fuera de contexto, etc.<\/p>\r\n    \t\t\t\t<\/div>\n\t\t\t\t<\/div>\n\t\t\t\t<div class=\"elementor-element elementor-element-636315c animejs-disable elementor-widget elementor-widget-tg-heading\" data-id=\"636315c\" data-element_type=\"widget\" data-e-type=\"widget\" data-widget_type=\"tg-heading.default\">\n\t\t\t\t<div class=\"elementor-widget-container\">\n\t\t\t\t\t        <h2 class=\"title tg-element-title mb-0\">Determinaci\u00f3n de los datos personales de los usuarios<\/h2>\r\n    \t\t\t\t<\/div>\n\t\t\t\t<\/div>\n\t\t\t\t<div class=\"elementor-element elementor-element-0420452 dark:text-white text-dark text-opacity-70 animejs-disable elementor-widget elementor-widget-tg-heading\" data-id=\"0420452\" data-element_type=\"widget\" data-e-type=\"widget\" data-widget_type=\"tg-heading.default\">\n\t\t\t\t<div class=\"elementor-widget-container\">\n\t\t\t\t\t        <p class=\"title tg-element-title mb-0\">Todos los generadores de Lorem Ipsum que hay en Internet suelen repetir fragmentos predefinidos tantas veces como sea necesario, lo que convierte a este en el primer generador aut\u00e9ntico de Internet.<\/p>\r\n    \t\t\t\t<\/div>\n\t\t\t\t<\/div>\n\t\t\t\t<div class=\"elementor-element elementor-element-855d036 dark:text-white text-dark text-opacity-70 animejs-disable elementor-widget elementor-widget-tg-heading\" data-id=\"855d036\" data-element_type=\"widget\" data-e-type=\"widget\" data-widget_type=\"tg-heading.default\">\n\t\t\t\t<div class=\"elementor-widget-container\">\n\t\t\t\t\t        <p class=\"title tg-element-title mb-0\">Utiliza un diccionario de m\u00e1s de 200 palabras en lat\u00edn, combinadas con unas cuantas estructuras de frases modelo, para generar un texto Lorem Ipsum que parezca coherente. Por lo tanto, el texto Lorem Ipsum gaenerado nunca contiene repeticiones, toques de humor ni palabras fuera de contexto, etc.<\/p>\r\n    \t\t\t\t<\/div>\n\t\t\t\t<\/div>\n\t\t\t\t<div class=\"elementor-element elementor-element-41f1540 dark:text-white text-dark text-opacity-70 animejs-disable elementor-widget elementor-widget-tg-heading\" data-id=\"41f1540\" data-element_type=\"widget\" data-e-type=\"widget\" data-widget_type=\"tg-heading.default\">\n\t\t\t\t<div class=\"elementor-widget-container\">\n\t\t\t\t\t        <p class=\"title tg-element-title mb-0\">Existen muchas variantes de los pasajes de Lorem Ipsum, pero la mayor\u00eda han sufrido alg\u00fan tipo de alteraci\u00f3n, ya sea mediante la incorporaci\u00f3n de humor o la inserci\u00f3n de palabras aleatorias que no parecen ni remotamente cre\u00edbles.<\/p>\r\n    \t\t\t\t<\/div>\n\t\t\t\t<\/div>\n\t\t\t\t<div class=\"elementor-element elementor-element-ae72d8e animejs-disable elementor-widget elementor-widget-tg-heading\" data-id=\"ae72d8e\" data-element_type=\"widget\" data-e-type=\"widget\" data-widget_type=\"tg-heading.default\">\n\t\t\t\t<div class=\"elementor-widget-container\">\n\t\t\t\t\t        <h2 class=\"title tg-element-title mb-0\">Motivos para la recogida y el tratamiento de los datos personales de los usuarios<\/h2>\r\n    \t\t\t\t<\/div>\n\t\t\t\t<\/div>\n\t\t\t\t<div class=\"elementor-element elementor-element-9ce7d6b dark:text-white text-dark text-opacity-70 animejs-disable elementor-widget elementor-widget-tg-heading\" data-id=\"9ce7d6b\" data-element_type=\"widget\" data-e-type=\"widget\" data-widget_type=\"tg-heading.default\">\n\t\t\t\t<div class=\"elementor-widget-container\">\n\t\t\t\t\t        <p class=\"title tg-element-title mb-0\">Es un hecho ampliamente reconocido que, al observar el dise\u00f1o de una p\u00e1gina, el lector se distrae con el contenido legible de la misma. La ventaja de utilizar Lorem Ipsum es que presenta una distribuci\u00f3n de letras m\u00e1s o menos normal.<\/p>\r\n    \t\t\t\t<\/div>\n\t\t\t\t<\/div>\n\t\t\t\t<div class=\"elementor-element elementor-element-3d65328 dark:text-white text-dark text-opacity-70 animejs-disable elementor-widget elementor-widget-tg-heading\" data-id=\"3d65328\" data-element_type=\"widget\" data-e-type=\"widget\" data-widget_type=\"tg-heading.default\">\n\t\t\t\t<div class=\"elementor-widget-container\">\n\t\t\t\t\t        <p class=\"title tg-element-title mb-0\">Todos los generadores de Lorem Ipsum que hay en Internet suelen repetir fragmentos predefinidos tantas veces como sea necesario, lo que convierte a este en el primer generador aut\u00e9ntico de Internet.<\/p>\r\n    \t\t\t\t<\/div>\n\t\t\t\t<\/div>\n\t\t\t\t<div class=\"elementor-element elementor-element-6b380dc dark:text-white text-dark text-opacity-70 animejs-disable elementor-widget elementor-widget-tg-heading\" data-id=\"6b380dc\" data-element_type=\"widget\" data-e-type=\"widget\" data-widget_type=\"tg-heading.default\">\n\t\t\t\t<div class=\"elementor-widget-container\">\n\t\t\t\t\t        <p class=\"title tg-element-title mb-0\">No solo ha sobrevivido a cinco siglos, sino tambi\u00e9n al paso a la composici\u00f3n tipogr\u00e1fica electr\u00f3nica, sin sufrir cambios sustanciales.<\/p>\r\n    \t\t\t\t<\/div>\n\t\t\t\t<\/div>\n\t\t\t\t<div class=\"elementor-element elementor-element-5f37f8d dark:text-white text-dark text-opacity-70 animejs-disable elementor-widget elementor-widget-tg-heading\" data-id=\"5f37f8d\" data-element_type=\"widget\" data-e-type=\"widget\" data-widget_type=\"tg-heading.default\">\n\t\t\t\t<div class=\"elementor-widget-container\">\n\t\t\t\t\t        <p class=\"title tg-element-title mb-0\">Todos los generadores de Internet tienden a repetir fragmentos predefinidos tantas veces como sea necesario, lo que convierte a este en el primer generador aut\u00e9ntico de Internet. Utiliza un diccionario de m\u00e1s de 200 palabras en lat\u00edn, combinadas con unas cuantas estructuras de frases modelo, para generar un Lorem Ipsum que parezca razonable. Por lo tanto, el Lorem Ipsum generado siempre est\u00e1 libre de repeticiones, de toques de humor o de palabras fuera de contexto, etc.<\/p>\r\n    \t\t\t\t<\/div>\n\t\t\t\t<\/div>\n\t\t\t\t<\/div>\n\t\t\t\t<div class=\"elementor-element elementor-element-ae39218 animejs-disable elementor-widget elementor-widget-tg-heading\" data-id=\"ae39218\" data-element_type=\"widget\" data-e-type=\"widget\" data-widget_type=\"tg-heading.default\">\n\t\t\t\t<div class=\"elementor-widget-container\">\n\t\t\t\t\t        <p class=\"title tg-element-title mb-0\">\u00daltima actualizaci\u00f3n: 27 de octubre de 2024<\/p>\r\n    \t\t\t\t<\/div>\n\t\t\t\t<\/div>\n\t\t\t\t\t<\/div>\n\t\t\t\t<\/div>\n\t\t\t\t<\/div>","protected":false},"excerpt":{"rendered":"<p>Privacy policy It is a long established fact that a reader will be distracted by the readable content of a page when looking at its layout. The point of using Lorem Ipsum is that it has a more-or-less normal distribution of letters, as opposed to using &#8216;Content here, content here&#8217;, making it look like readable [&hellip;]<\/p>\n","protected":false},"author":1,"featured_media":0,"parent":0,"menu_order":0,"comment_status":"closed","ping_status":"closed","template":"elementor_header_footer","meta":{"_acf_changed":false,"footnotes":""},"class_list":["post-3753","page","type-page","status-publish","hentry"],"acf":[],"_links":{"self":[{"href":"https:\/\/ashantiai.com\/es\/wp-json\/wp\/v2\/pages\/3753","targetHints":{"allow":["GET"]}}],"collection":[{"href":"https:\/\/ashantiai.com\/es\/wp-json\/wp\/v2\/pages"}],"about":[{"href":"https:\/\/ashantiai.com\/es\/wp-json\/wp\/v2\/types\/page"}],"author":[{"embeddable":true,"href":"https:\/\/ashantiai.com\/es\/wp-json\/wp\/v2\/users\/1"}],"replies":[{"embeddable":true,"href":"https:\/\/ashantiai.com\/es\/wp-json\/wp\/v2\/comments?post=3753"}],"version-history":[{"count":1,"href":"https:\/\/ashantiai.com\/es\/wp-json\/wp\/v2\/pages\/3753\/revisions"}],"predecessor-version":[{"id":4150,"href":"https:\/\/ashantiai.com\/es\/wp-json\/wp\/v2\/pages\/3753\/revisions\/4150"}],"wp:attachment":[{"href":"https:\/\/ashantiai.com\/es\/wp-json\/wp\/v2\/media?parent=3753"}],"curies":[{"name":"wp","href":"https:\/\/api.w.org\/{rel}","templated":true}]}}