{"id":4305,"date":"2025-09-04T00:03:53","date_gmt":"2025-09-04T00:03:53","guid":{"rendered":"https:\/\/ashantiai.kinsta.cloud\/?page_id=4305"},"modified":"2025-09-04T02:13:58","modified_gmt":"2025-09-04T02:13:58","slug":"product","status":"publish","type":"page","link":"https:\/\/ashantiai.com\/es\/product\/","title":{"rendered":"Producto"},"content":{"rendered":"<div data-elementor-type=\"wp-page\" data-elementor-id=\"4305\" class=\"elementor elementor-4305\" data-elementor-post-type=\"page\">\n\t\t\t\t<div class=\"elementor-element elementor-element-4f19e7b e-con-full e-flex animejs-disable e-con e-parent\" data-id=\"4f19e7b\" data-element_type=\"container\" data-e-type=\"container\">\n\t\t<div class=\"elementor-element elementor-element-6e4ac94 e-flex e-con-boxed animejs-disable e-con e-child\" data-id=\"6e4ac94\" data-element_type=\"container\" data-e-type=\"container\">\n\t\t\t\t\t<div class=\"e-con-inner\">\n\t\t<div class=\"elementor-element elementor-element-9bf38ac e-con-full e-flex animejs-disable e-con e-child\" data-id=\"9bf38ac\" data-element_type=\"container\" data-e-type=\"container\" id=\"industries\">\n\t\t\t\t<div class=\"elementor-element elementor-element-c9f8c0a animated-fast animejs-disable elementor-invisible elementor-widget elementor-widget-tg-section-title\" data-id=\"c9f8c0a\" data-element_type=\"widget\" data-e-type=\"widget\" data-settings=\"{&quot;_animation&quot;:&quot;fadeInUp&quot;}\" data-widget_type=\"tg-section-title.default\">\n\t\t\t\t<div class=\"elementor-widget-container\">\n\t\t\t\t\t\r\n        \r\n            <h2 class=\"title tg-element-title mb-0\">Producto  <\/h2>\r\n        \r\n\t\t\t\t<\/div>\n\t\t\t\t<\/div>\n\t\t\t\t<div class=\"elementor-element elementor-element-eb43877 elementor-widget__width-initial animated-fast animejs-disable elementor-invisible elementor-widget elementor-widget-tg-heading\" data-id=\"eb43877\" data-element_type=\"widget\" data-e-type=\"widget\" data-settings=\"{&quot;_animation&quot;:&quot;fadeInUp&quot;}\" data-widget_type=\"tg-heading.default\">\n\t\t\t\t<div class=\"elementor-widget-container\">\n\t\t\t\t\t        <p class=\"title tg-element-title mb-0\">From healthcare to finance, retail to professional services, our AI automation\nplatform delivers personalized solutions with white-glove support across every\nbusiness sector.<\/p>\r\n    \t\t\t\t<\/div>\n\t\t\t\t<\/div>\n\t\t<div class=\"elementor-element elementor-element-0781ee4 e-grid e-con-full animated-fast animejs-disable elementor-invisible e-con e-child\" data-id=\"0781ee4\" data-element_type=\"container\" data-e-type=\"container\" data-settings=\"{&quot;animation&quot;:&quot;fadeInUp&quot;}\">\n\t\t\t\t<div class=\"elementor-element elementor-element-ca78684 liquid-glass animejs-disable elementor-widget elementor-widget-tg-iconbox\" data-id=\"ca78684\" data-element_type=\"widget\" data-e-type=\"widget\" data-widget_type=\"tg-iconbox.default\">\n\t\t\t\t<div class=\"elementor-widget-container\">\n\t\t\t\t\t\r\n        \r\n            <div class=\"panel genix-box vstack gap-2 p-4 lg:py-6 rounded-2 bg-secondary dark:bg-gray-300 dark:bg-opacity-10\">\r\n                                                    <img decoding=\"async\" class=\"w-64px lg:w-80px d-none dark:d-block\" src=\"https:\/\/ashantiai.kinsta.cloud\/wp-content\/uploads\/2025\/08\/medical.svg\" alt=\"Dark Image\">\r\n                                                    <h5 class=\"h5 title lg:h4 m-0\">Salud y Medicina<\/h5>\r\n                                <p class=\"fs-6 desc opacity-70 dark:opacity-80\">Optimiza las comunicaciones con los pacientes, la programaci\u00f3n de citas, la facturaci\u00f3n y los flujos de trabajo administrativos.\n<br>\n<div class=\"elementor-counter\">\n<div class=\"elementor-counter-title\">\nReducci\u00f3n de tiempo administrativo\n<\/div><div class=\"elementor-counter-number-wrapper\">\n65%\n<\/div><\/div><\/p>\r\n            <\/div>\r\n\r\n        \r\n\t\t\t\t<\/div>\n\t\t\t\t<\/div>\n\t\t\t\t<div class=\"elementor-element elementor-element-f698107 liquid-glass animejs-disable elementor-widget elementor-widget-tg-iconbox\" data-id=\"f698107\" data-element_type=\"widget\" data-e-type=\"widget\" data-widget_type=\"tg-iconbox.default\">\n\t\t\t\t<div class=\"elementor-widget-container\">\n\t\t\t\t\t\r\n        \r\n            <div class=\"panel genix-box vstack gap-2 p-4 lg:py-6 rounded-2 bg-secondary dark:bg-gray-300 dark:bg-opacity-10\">\r\n                                                    <img decoding=\"async\" class=\"w-64px lg:w-80px d-none dark:d-block\" src=\"https:\/\/ashantiai.kinsta.cloud\/wp-content\/uploads\/2025\/08\/professional.svg\" alt=\"Dark Image\">\r\n                                                    <h5 class=\"h5 title lg:h4 m-0\">Servicios profesionales<\/h5>\r\n                                <p class=\"fs-6 desc opacity-70 dark:opacity-80\">Campa\u00f1as de email inteligentes, campa\u00f1as por SMS e informes impulsados por IA.\n<br>\n<div class=\"elementor-counter\">\n<div class=\"elementor-counter-title\">\nAdministraci\u00f3n de oficina m\u00e1s r\u00e1pida\n<\/div><div class=\"elementor-counter-number-wrapper\">\n80%\n<\/div><\/div><\/p>\r\n            <\/div>\r\n\r\n        \r\n\t\t\t\t<\/div>\n\t\t\t\t<\/div>\n\t\t\t\t<div class=\"elementor-element elementor-element-11b2be5 liquid-glass animejs-disable elementor-widget elementor-widget-tg-iconbox\" data-id=\"11b2be5\" data-element_type=\"widget\" data-e-type=\"widget\" data-widget_type=\"tg-iconbox.default\">\n\t\t\t\t<div class=\"elementor-widget-container\">\n\t\t\t\t\t\r\n        \r\n            <div class=\"panel genix-box vstack gap-2 p-4 lg:py-6 rounded-2 bg-secondary dark:bg-gray-300 dark:bg-opacity-10\">\r\n                                                    <img decoding=\"async\" class=\"w-64px lg:w-80px d-none dark:d-block\" src=\"https:\/\/ashantiai.kinsta.cloud\/wp-content\/uploads\/2025\/08\/finance.svg\" alt=\"Dark Image\">\r\n                                                    <h5 class=\"h5 title lg:h4 m-0\">Servicios Financieros<\/h5>\r\n                                <p class=\"fs-6 desc opacity-70 dark:opacity-80\">Mejora el servicio al cliente con la gesti\u00f3n automatizada de pr\u00e9stamos y recordatorios de pagos.\n<br>\n<div class=\"elementor-counter\">\n<div class=\"elementor-counter-title\">\nAhorro de costes\n<\/div><div class=\"elementor-counter-number-wrapper\">\n50%\n<\/div><\/div><\/p>\r\n            <\/div>\r\n\r\n        \r\n\t\t\t\t<\/div>\n\t\t\t\t<\/div>\n\t\t\t\t<\/div>\n\t\t\t\t<\/div>\n\t\t\t\t\t<\/div>\n\t\t\t\t<\/div>\n\t\t\t\t<\/div>\n\t\t\t\t<\/div>","protected":false},"excerpt":{"rendered":"<p>Product From healthcare to finance, retail to professional services, our AI automation platform delivers personalized solutions with white-glove support across every business sector. Healthcare &amp; Medical Streamline patient communications, appointment scheduling, billing, and administrative workflows. Reduction in Admin Time 65% Professional Services Intelligent email campaigns, SMS Campaigns, and AI-driven reporting. Faster office administration 80% Financial [&hellip;]<\/p>\n","protected":false},"author":1,"featured_media":0,"parent":0,"menu_order":0,"comment_status":"closed","ping_status":"closed","template":"elementor_header_footer","meta":{"_acf_changed":false,"footnotes":""},"class_list":["post-4305","page","type-page","status-publish","hentry"],"acf":[],"_links":{"self":[{"href":"https:\/\/ashantiai.com\/es\/wp-json\/wp\/v2\/pages\/4305","targetHints":{"allow":["GET"]}}],"collection":[{"href":"https:\/\/ashantiai.com\/es\/wp-json\/wp\/v2\/pages"}],"about":[{"href":"https:\/\/ashantiai.com\/es\/wp-json\/wp\/v2\/types\/page"}],"author":[{"embeddable":true,"href":"https:\/\/ashantiai.com\/es\/wp-json\/wp\/v2\/users\/1"}],"replies":[{"embeddable":true,"href":"https:\/\/ashantiai.com\/es\/wp-json\/wp\/v2\/comments?post=4305"}],"version-history":[{"count":10,"href":"https:\/\/ashantiai.com\/es\/wp-json\/wp\/v2\/pages\/4305\/revisions"}],"predecessor-version":[{"id":4508,"href":"https:\/\/ashantiai.com\/es\/wp-json\/wp\/v2\/pages\/4305\/revisions\/4508"}],"wp:attachment":[{"href":"https:\/\/ashantiai.com\/es\/wp-json\/wp\/v2\/media?parent=4305"}],"curies":[{"name":"wp","href":"https:\/\/api.w.org\/{rel}","templated":true}]}}