{"id":4330,"date":"2025-09-04T00:11:39","date_gmt":"2025-09-04T00:11:39","guid":{"rendered":"https:\/\/ashantiai.kinsta.cloud\/?page_id=4330"},"modified":"2026-03-28T01:49:16","modified_gmt":"2026-03-28T01:49:16","slug":"retell-ai","status":"publish","type":"page","link":"https:\/\/ashantiai.com\/es\/retell-ai\/","title":{"rendered":"Retransmisi\u00f3n IA"},"content":{"rendered":"<div data-elementor-type=\"wp-page\" data-elementor-id=\"4330\" class=\"elementor elementor-4330\" data-elementor-post-type=\"page\">\n\t\t\t\t<div class=\"elementor-element elementor-element-4f19e7b e-con-full e-flex animejs-disable e-con e-parent\" data-id=\"4f19e7b\" data-element_type=\"container\" data-e-type=\"container\">\n\t\t<div class=\"elementor-element elementor-element-6e4ac94 e-flex e-con-boxed animejs-disable e-con e-child\" data-id=\"6e4ac94\" data-element_type=\"container\" data-e-type=\"container\">\n\t\t\t\t\t<div class=\"e-con-inner\">\n\t\t<div class=\"elementor-element elementor-element-247a379 e-con-full e-flex animejs-disable e-con e-child\" data-id=\"247a379\" data-element_type=\"container\" data-e-type=\"container\">\n\t\t\t\t<div class=\"elementor-element elementor-element-0c1dfe8 animated-fast animejs-disable elementor-invisible elementor-widget elementor-widget-tg-heading\" data-id=\"0c1dfe8\" data-element_type=\"widget\" data-e-type=\"widget\" data-settings=\"{&quot;_animation&quot;:&quot;fadeInUp&quot;}\" data-widget_type=\"tg-heading.default\">\n\t\t\t\t<div class=\"elementor-widget-container\">\n\t\t\t\t\t        <h2 class=\"title tg-element-title mb-0\">Retransmisi\u00f3n IA<\/h2>\r\n    \t\t\t\t<\/div>\n\t\t\t\t<\/div>\n\t\t\t\t<div class=\"elementor-element elementor-element-9a53db6 dark:text-white text-dark text-opacity-70 animated-fast animejs-disable elementor-invisible elementor-widget elementor-widget-tg-heading\" data-id=\"9a53db6\" data-element_type=\"widget\" data-e-type=\"widget\" data-settings=\"{&quot;_animation&quot;:&quot;fadeInUp&quot;}\" data-widget_type=\"tg-heading.default\">\n\t\t\t\t<div class=\"elementor-widget-container\">\n\t\t\t\t\t        <p class=\"title tg-element-title mb-0\">La integraci\u00f3n perfecta es la clave de la automatizaci\u00f3n de las tareas administrativas. Ashanti AI ofrece API robustas que permiten a los clientes conectar sus sistemas actuales \u2014ya sean historias cl\u00ednicas electr\u00f3nicas, libros de contabilidad o sistemas de gesti\u00f3n de relaciones con los clientes\u2014 directamente a nuestro motor de flujos de trabajo. Cada llamada a la API se autentifica, se registra y se cifra, lo que garantiza tanto la seguridad como la transparencia en cada paso.<\/p>\r\n    \t\t\t\t<\/div>\n\t\t\t\t<\/div>\n\t\t\t\t<div class=\"elementor-element elementor-element-b5a2c58 dark:text-white text-dark text-opacity-70 animated-fast animejs-disable elementor-invisible elementor-widget elementor-widget-tg-heading\" data-id=\"b5a2c58\" data-element_type=\"widget\" data-e-type=\"widget\" data-settings=\"{&quot;_animation&quot;:&quot;fadeInUp&quot;}\" data-widget_type=\"tg-heading.default\">\n\t\t\t\t<div class=\"elementor-widget-container\">\n\t\t\t\t\t        <p class=\"title tg-element-title mb-0\">Nuestra documentaci\u00f3n ofrece orientaciones claras, ejemplos y asistencia a los desarrolladores que necesitan crear conexiones personalizadas o supervisar el rendimiento. Gracias a los registros de auditor\u00eda completos y a los informes de cumplimiento integrados, los clientes pueden estar seguros de que sus integraciones no solo son potentes, sino que tambi\u00e9n cumplen con los requisitos normativos.<\/p>\r\n    \t\t\t\t<\/div>\n\t\t\t\t<\/div>\n\t\t\t\t<\/div>\n\t\t\t\t\t<\/div>\n\t\t\t\t<\/div>\n\t\t\t\t<\/div>\n\t\t\t\t<\/div>","protected":false},"excerpt":{"rendered":"<p>Retell AI Seamless integration is at the heart of back-office automation. Ashanti AI provides robust APIs that allow clients to connect their existing systems \u2014 whether EHRs, financial ledgers, or CRMs \u2014 directly into our workflow engine. Each API call is authenticated, logged, and encrypted, ensuring both security and transparency at every step. Our documentation [&hellip;]<\/p>\n","protected":false},"author":1,"featured_media":0,"parent":0,"menu_order":0,"comment_status":"closed","ping_status":"closed","template":"elementor_header_footer","meta":{"_acf_changed":false,"footnotes":""},"class_list":["post-4330","page","type-page","status-publish","hentry"],"acf":[],"_links":{"self":[{"href":"https:\/\/ashantiai.com\/es\/wp-json\/wp\/v2\/pages\/4330","targetHints":{"allow":["GET"]}}],"collection":[{"href":"https:\/\/ashantiai.com\/es\/wp-json\/wp\/v2\/pages"}],"about":[{"href":"https:\/\/ashantiai.com\/es\/wp-json\/wp\/v2\/types\/page"}],"author":[{"embeddable":true,"href":"https:\/\/ashantiai.com\/es\/wp-json\/wp\/v2\/users\/1"}],"replies":[{"embeddable":true,"href":"https:\/\/ashantiai.com\/es\/wp-json\/wp\/v2\/comments?post=4330"}],"version-history":[{"count":9,"href":"https:\/\/ashantiai.com\/es\/wp-json\/wp\/v2\/pages\/4330\/revisions"}],"predecessor-version":[{"id":4613,"href":"https:\/\/ashantiai.com\/es\/wp-json\/wp\/v2\/pages\/4330\/revisions\/4613"}],"wp:attachment":[{"href":"https:\/\/ashantiai.com\/es\/wp-json\/wp\/v2\/media?parent=4330"}],"curies":[{"name":"wp","href":"https:\/\/api.w.org\/{rel}","templated":true}]}}