{"id":4331,"date":"2025-09-04T00:11:38","date_gmt":"2025-09-04T00:11:38","guid":{"rendered":"https:\/\/ashantiai.kinsta.cloud\/?page_id=4331"},"modified":"2025-09-04T00:36:57","modified_gmt":"2025-09-04T00:36:57","slug":"security-compliance","status":"publish","type":"page","link":"https:\/\/ashantiai.com\/es\/security-compliance\/","title":{"rendered":"Seguridad y Cumplimiento"},"content":{"rendered":"<div data-elementor-type=\"wp-page\" data-elementor-id=\"4331\" class=\"elementor elementor-4331\" data-elementor-post-type=\"page\">\n\t\t\t\t<div class=\"elementor-element elementor-element-4f19e7b e-con-full e-flex animejs-disable e-con e-parent\" data-id=\"4f19e7b\" data-element_type=\"container\" data-e-type=\"container\">\n\t\t<div class=\"elementor-element elementor-element-6e4ac94 e-flex e-con-boxed animejs-disable e-con e-child\" data-id=\"6e4ac94\" data-element_type=\"container\" data-e-type=\"container\">\n\t\t\t\t\t<div class=\"e-con-inner\">\n\t\t<div class=\"elementor-element elementor-element-247a379 e-con-full e-flex animejs-disable e-con e-child\" data-id=\"247a379\" data-element_type=\"container\" data-e-type=\"container\">\n\t\t\t\t<div class=\"elementor-element elementor-element-0c1dfe8 animated-fast animejs-disable elementor-invisible elementor-widget elementor-widget-tg-heading\" data-id=\"0c1dfe8\" data-element_type=\"widget\" data-e-type=\"widget\" data-settings=\"{&quot;_animation&quot;:&quot;fadeInUp&quot;}\" data-widget_type=\"tg-heading.default\">\n\t\t\t\t<div class=\"elementor-widget-container\">\n\t\t\t\t\t        <h2 class=\"title tg-element-title mb-0\">Seguridad y Cumplimiento<\/h1><\/h2>\r\n    \t\t\t\t<\/div>\n\t\t\t\t<\/div>\n\t\t\t\t<div class=\"elementor-element elementor-element-9a53db6 dark:text-white text-dark text-opacity-70 animated-fast animejs-disable elementor-invisible elementor-widget elementor-widget-tg-heading\" data-id=\"9a53db6\" data-element_type=\"widget\" data-e-type=\"widget\" data-settings=\"{&quot;_animation&quot;:&quot;fadeInUp&quot;}\" data-widget_type=\"tg-heading.default\">\n\t\t\t\t<div class=\"elementor-widget-container\">\n\t\t\t\t\t        <p class=\"title tg-element-title mb-0\">En sectores donde la confianza es fundamental, la seguridad no es una cuesti\u00f3n secundaria, sino la base. Ashanti AI opera con la certificaci\u00f3n SOC 2 Tipo II, cifrado de extremo a extremo y marcos de cumplimiento normativo para los sectores sanitario (HIPAA, HITECH) y financiero (FINRA, FDIC, SEC). Se supervisa cada flujo de trabajo, integraci\u00f3n e intercambio de datos para garantizar el pleno cumplimiento de las normas reglamentarias.<\/p>\r\n    \t\t\t\t<\/div>\n\t\t\t\t<\/div>\n\t\t\t\t<div class=\"elementor-element elementor-element-e45a400 dark:text-white text-dark text-opacity-70 animated-fast animejs-disable elementor-invisible elementor-widget elementor-widget-tg-heading\" data-id=\"e45a400\" data-element_type=\"widget\" data-e-type=\"widget\" data-settings=\"{&quot;_animation&quot;:&quot;fadeInUp&quot;}\" data-widget_type=\"tg-heading.default\">\n\t\t\t\t<div class=\"elementor-widget-container\">\n\t\t\t\t\t        <p class=\"title tg-element-title mb-0\">Vamos m\u00e1s all\u00e1 de las medidas de seguridad t\u00e9cnicas. Las auditor\u00edas externas peri\u00f3dicas, las pruebas de penetraci\u00f3n y la supervisi\u00f3n continua del cumplimiento garantizan que nuestros sistemas sigan siendo resistentes frente a las amenazas en constante evoluci\u00f3n. Al combinar la automatizaci\u00f3n basada en la inteligencia artificial con la supervisi\u00f3n humana, garantizamos no solo la eficiencia, sino tambi\u00e9n la integridad y la confidencialidad que esperan nuestros clientes.<\/p>\r\n    \t\t\t\t<\/div>\n\t\t\t\t<\/div>\n\t\t\t\t<\/div>\n\t\t\t\t\t<\/div>\n\t\t\t\t<\/div>\n\t\t\t\t<\/div>\n\t\t\t\t<\/div>","protected":false},"excerpt":{"rendered":"<p>Security &amp; Compliance In industries where trust is paramount, security isn\u2019t an afterthought \u2014 it\u2019s the foundation. Ashanti AI operates with SOC 2 Type II certification, end-to-end encryption, and compliance frameworks for healthcare (HIPAA, HITECH) and finance (FINRA, FDIC, SEC). Every workflow, integration, and data exchange is monitored to ensure complete adherence to regulatory standards. [&hellip;]<\/p>\n","protected":false},"author":1,"featured_media":0,"parent":0,"menu_order":0,"comment_status":"closed","ping_status":"closed","template":"elementor_header_footer","meta":{"_acf_changed":false,"footnotes":""},"class_list":["post-4331","page","type-page","status-publish","hentry"],"acf":[],"_links":{"self":[{"href":"https:\/\/ashantiai.com\/es\/wp-json\/wp\/v2\/pages\/4331","targetHints":{"allow":["GET"]}}],"collection":[{"href":"https:\/\/ashantiai.com\/es\/wp-json\/wp\/v2\/pages"}],"about":[{"href":"https:\/\/ashantiai.com\/es\/wp-json\/wp\/v2\/types\/page"}],"author":[{"embeddable":true,"href":"https:\/\/ashantiai.com\/es\/wp-json\/wp\/v2\/users\/1"}],"replies":[{"embeddable":true,"href":"https:\/\/ashantiai.com\/es\/wp-json\/wp\/v2\/comments?post=4331"}],"version-history":[{"count":5,"href":"https:\/\/ashantiai.com\/es\/wp-json\/wp\/v2\/pages\/4331\/revisions"}],"predecessor-version":[{"id":4413,"href":"https:\/\/ashantiai.com\/es\/wp-json\/wp\/v2\/pages\/4331\/revisions\/4413"}],"wp:attachment":[{"href":"https:\/\/ashantiai.com\/es\/wp-json\/wp\/v2\/media?parent=4331"}],"curies":[{"name":"wp","href":"https:\/\/api.w.org\/{rel}","templated":true}]}}