{"id":4339,"date":"2025-09-04T00:13:00","date_gmt":"2025-09-04T00:13:00","guid":{"rendered":"https:\/\/ashantiai.kinsta.cloud\/?page_id=4339"},"modified":"2025-09-04T00:37:37","modified_gmt":"2025-09-04T00:37:37","slug":"voice-collections","status":"publish","type":"page","link":"https:\/\/ashantiai.com\/es\/voice-collections\/","title":{"rendered":"Colecciones de Voces"},"content":{"rendered":"<div data-elementor-type=\"wp-page\" data-elementor-id=\"4339\" class=\"elementor elementor-4339\" data-elementor-post-type=\"page\">\n\t\t\t\t<div class=\"elementor-element elementor-element-4f19e7b e-con-full e-flex animejs-disable e-con e-parent\" data-id=\"4f19e7b\" data-element_type=\"container\" data-e-type=\"container\">\n\t\t<div class=\"elementor-element elementor-element-6e4ac94 e-flex e-con-boxed animejs-disable e-con e-child\" data-id=\"6e4ac94\" data-element_type=\"container\" data-e-type=\"container\">\n\t\t\t\t\t<div class=\"e-con-inner\">\n\t\t<div class=\"elementor-element elementor-element-247a379 e-con-full e-flex animejs-disable e-con e-child\" data-id=\"247a379\" data-element_type=\"container\" data-e-type=\"container\">\n\t\t\t\t<div class=\"elementor-element elementor-element-0c1dfe8 animated-fast animejs-disable elementor-invisible elementor-widget elementor-widget-tg-heading\" data-id=\"0c1dfe8\" data-element_type=\"widget\" data-e-type=\"widget\" data-settings=\"{&quot;_animation&quot;:&quot;fadeInUp&quot;}\" data-widget_type=\"tg-heading.default\">\n\t\t\t\t<div class=\"elementor-widget-container\">\n\t\t\t\t\t        <h2 class=\"title tg-element-title mb-0\">Colecciones de Voces<\/h2>\r\n    \t\t\t\t<\/div>\n\t\t\t\t<\/div>\n\t\t\t\t<div class=\"elementor-element elementor-element-9a53db6 dark:text-white text-dark text-opacity-70 animated-fast animejs-disable elementor-invisible elementor-widget elementor-widget-tg-heading\" data-id=\"9a53db6\" data-element_type=\"widget\" data-e-type=\"widget\" data-settings=\"{&quot;_animation&quot;:&quot;fadeInUp&quot;}\" data-widget_type=\"tg-heading.default\">\n\t\t\t\t<div class=\"elementor-widget-container\">\n\t\t\t\t\t        <p class=\"title tg-element-title mb-0\">Los procesos de cobro no tienen por qu\u00e9 ser intrusivos ni incoherentes. Nuestros flujos de trabajo de cobro por voz, impulsados por IA, aportan personalizaci\u00f3n y empat\u00eda a cada interacci\u00f3n, con guiones automatizados que se adaptan a las respuestas de los clientes. Los seguimientos multicanal a trav\u00e9s de SMS y correo electr\u00f3nico refuerzan la comunicaci\u00f3n, mientras que los paneles de control en tiempo real muestran m\u00e9tricas de rendimiento como las tasas de \u00e9xito de las llamadas, la duraci\u00f3n de las mismas y los importes totales cobrados.<\/p>\r\n    \t\t\t\t<\/div>\n\t\t\t\t<\/div>\n\t\t\t\t<div class=\"elementor-element elementor-element-f9c18f8 dark:text-white text-dark text-opacity-70 animated-fast animejs-disable elementor-invisible elementor-widget elementor-widget-tg-heading\" data-id=\"f9c18f8\" data-element_type=\"widget\" data-e-type=\"widget\" data-settings=\"{&quot;_animation&quot;:&quot;fadeInUp&quot;}\" data-widget_type=\"tg-heading.default\">\n\t\t\t\t<div class=\"elementor-widget-container\">\n\t\t\t\t\t        <p class=\"title tg-element-title mb-0\">\n\nEste sistema reduce la carga de trabajo de los agentes humanos y aumenta la eficiencia del cobro. Al combinar la automatizaci\u00f3n con procesos que cumplen con la normativa, Ashanti AI garantiza que cada contacto respete tanto los l\u00edmites normativos como la experiencia del cliente.<\/p>\r\n    \t\t\t\t<\/div>\n\t\t\t\t<\/div>\n\t\t\t\t<\/div>\n\t\t\t\t\t<\/div>\n\t\t\t\t<\/div>\n\t\t\t\t<\/div>\n\t\t\t\t<\/div>","protected":false},"excerpt":{"rendered":"<p>Voice Collections Collections don\u2019t have to be intrusive or inconsistent. Our AI-powered voice collection workflows bring personalization and empathy into every interaction, with automated scripts that adapt to customer responses. Multi-channel follow-ups via SMS and email reinforce communication, while real-time dashboards display performance metrics such as call success rates, durations, and total amounts collected. This [&hellip;]<\/p>\n","protected":false},"author":1,"featured_media":0,"parent":0,"menu_order":0,"comment_status":"closed","ping_status":"closed","template":"elementor_header_footer","meta":{"_acf_changed":false,"footnotes":""},"class_list":["post-4339","page","type-page","status-publish","hentry"],"acf":[],"_links":{"self":[{"href":"https:\/\/ashantiai.com\/es\/wp-json\/wp\/v2\/pages\/4339","targetHints":{"allow":["GET"]}}],"collection":[{"href":"https:\/\/ashantiai.com\/es\/wp-json\/wp\/v2\/pages"}],"about":[{"href":"https:\/\/ashantiai.com\/es\/wp-json\/wp\/v2\/types\/page"}],"author":[{"embeddable":true,"href":"https:\/\/ashantiai.com\/es\/wp-json\/wp\/v2\/users\/1"}],"replies":[{"embeddable":true,"href":"https:\/\/ashantiai.com\/es\/wp-json\/wp\/v2\/comments?post=4339"}],"version-history":[{"count":5,"href":"https:\/\/ashantiai.com\/es\/wp-json\/wp\/v2\/pages\/4339\/revisions"}],"predecessor-version":[{"id":4416,"href":"https:\/\/ashantiai.com\/es\/wp-json\/wp\/v2\/pages\/4339\/revisions\/4416"}],"wp:attachment":[{"href":"https:\/\/ashantiai.com\/es\/wp-json\/wp\/v2\/media?parent=4339"}],"curies":[{"name":"wp","href":"https:\/\/api.w.org\/{rel}","templated":true}]}}