{"id":4340,"date":"2025-09-04T00:13:01","date_gmt":"2025-09-04T00:13:01","guid":{"rendered":"https:\/\/ashantiai.kinsta.cloud\/?page_id=4340"},"modified":"2025-09-04T00:39:15","modified_gmt":"2025-09-04T00:39:15","slug":"document-generation","status":"publish","type":"page","link":"https:\/\/ashantiai.com\/es\/document-generation\/","title":{"rendered":"Generaci\u00f3n de Documentos"},"content":{"rendered":"<div data-elementor-type=\"wp-page\" data-elementor-id=\"4340\" class=\"elementor elementor-4340\" data-elementor-post-type=\"page\">\n\t\t\t\t<div class=\"elementor-element elementor-element-4f19e7b e-con-full e-flex animejs-disable e-con e-parent\" data-id=\"4f19e7b\" data-element_type=\"container\" data-e-type=\"container\">\n\t\t<div class=\"elementor-element elementor-element-6e4ac94 e-flex e-con-boxed animejs-disable e-con e-child\" data-id=\"6e4ac94\" data-element_type=\"container\" data-e-type=\"container\">\n\t\t\t\t\t<div class=\"e-con-inner\">\n\t\t<div class=\"elementor-element elementor-element-247a379 e-con-full e-flex animejs-disable e-con e-child\" data-id=\"247a379\" data-element_type=\"container\" data-e-type=\"container\">\n\t\t\t\t<div class=\"elementor-element elementor-element-0c1dfe8 animated-fast animejs-disable elementor-invisible elementor-widget elementor-widget-tg-heading\" data-id=\"0c1dfe8\" data-element_type=\"widget\" data-e-type=\"widget\" data-settings=\"{&quot;_animation&quot;:&quot;fadeInUp&quot;}\" data-widget_type=\"tg-heading.default\">\n\t\t\t\t<div class=\"elementor-widget-container\">\n\t\t\t\t\t        <h2 class=\"title tg-element-title mb-0\">Generaci\u00f3n de Documentos<\/h2>\r\n    \t\t\t\t<\/div>\n\t\t\t\t<\/div>\n\t\t\t\t<div class=\"elementor-element elementor-element-9a53db6 dark:text-white text-dark text-opacity-70 animated-fast animejs-disable elementor-invisible elementor-widget elementor-widget-tg-heading\" data-id=\"9a53db6\" data-element_type=\"widget\" data-e-type=\"widget\" data-settings=\"{&quot;_animation&quot;:&quot;fadeInUp&quot;}\" data-widget_type=\"tg-heading.default\">\n\t\t\t\t<div class=\"elementor-widget-container\">\n\t\t\t\t\t        <p class=\"title tg-element-title mb-0\">La gesti\u00f3n de documentos es una de las tareas que m\u00e1s recursos consume en los sectores financiero y sanitario. Ashanti AI automatiza la creaci\u00f3n, el procesamiento y la validaci\u00f3n de documentos como solicitudes de pr\u00e9stamo, formularios de alta de clientes, reclamaciones m\u00e9dicas y presentaciones reglamentarias. Cada flujo de trabajo est\u00e1 dise\u00f1ado para minimizar los errores, garantizar el cumplimiento normativo y acelerar los plazos de tramitaci\u00f3n.<\/p>\r\n    \t\t\t\t<\/div>\n\t\t\t\t<\/div>\n\t\t\t\t<div class=\"elementor-element elementor-element-0e08e6d dark:text-white text-dark text-opacity-70 animated-fast animejs-disable elementor-invisible elementor-widget elementor-widget-tg-heading\" data-id=\"0e08e6d\" data-element_type=\"widget\" data-e-type=\"widget\" data-settings=\"{&quot;_animation&quot;:&quot;fadeInUp&quot;}\" data-widget_type=\"tg-heading.default\">\n\t\t\t\t<div class=\"elementor-widget-container\">\n\t\t\t\t\t        <p class=\"title tg-element-title mb-0\">\n\nGracias a los modelos de inteligencia artificial entrenados con formatos espec\u00edficos del sector, nuestra plataforma garantiza que los documentos no solo se generen m\u00e1s r\u00e1pidamente, sino que tambi\u00e9n cumplan con los requisitos normativos. Esta combinaci\u00f3n de rapidez, precisi\u00f3n y cumplimiento normativo convierte la gesti\u00f3n de documentos en una ventaja estrat\u00e9gica para nuestros clientes.<\/p>\r\n    \t\t\t\t<\/div>\n\t\t\t\t<\/div>\n\t\t\t\t<\/div>\n\t\t\t\t\t<\/div>\n\t\t\t\t<\/div>\n\t\t\t\t<\/div>\n\t\t\t\t<\/div>","protected":false},"excerpt":{"rendered":"<p>Document Generation Managing documents is one of the most resource-intensive tasks in finance and healthcare. Ashanti AI automates the creation, processing, and validation of documents such as loan applications, client onboarding forms, medical claims, and regulatory filings. Each workflow is designed to minimize errors, enforce compliance checks, and accelerate turnaround times. Through AI models trained [&hellip;]<\/p>\n","protected":false},"author":1,"featured_media":0,"parent":0,"menu_order":0,"comment_status":"closed","ping_status":"closed","template":"elementor_header_footer","meta":{"_acf_changed":false,"footnotes":""},"class_list":["post-4340","page","type-page","status-publish","hentry"],"acf":[],"_links":{"self":[{"href":"https:\/\/ashantiai.com\/es\/wp-json\/wp\/v2\/pages\/4340","targetHints":{"allow":["GET"]}}],"collection":[{"href":"https:\/\/ashantiai.com\/es\/wp-json\/wp\/v2\/pages"}],"about":[{"href":"https:\/\/ashantiai.com\/es\/wp-json\/wp\/v2\/types\/page"}],"author":[{"embeddable":true,"href":"https:\/\/ashantiai.com\/es\/wp-json\/wp\/v2\/users\/1"}],"replies":[{"embeddable":true,"href":"https:\/\/ashantiai.com\/es\/wp-json\/wp\/v2\/comments?post=4340"}],"version-history":[{"count":5,"href":"https:\/\/ashantiai.com\/es\/wp-json\/wp\/v2\/pages\/4340\/revisions"}],"predecessor-version":[{"id":4419,"href":"https:\/\/ashantiai.com\/es\/wp-json\/wp\/v2\/pages\/4340\/revisions\/4419"}],"wp:attachment":[{"href":"https:\/\/ashantiai.com\/es\/wp-json\/wp\/v2\/media?parent=4340"}],"curies":[{"name":"wp","href":"https:\/\/api.w.org\/{rel}","templated":true}]}}