{"id":4341,"date":"2025-09-04T00:13:02","date_gmt":"2025-09-04T00:13:02","guid":{"rendered":"https:\/\/ashantiai.kinsta.cloud\/?page_id=4341"},"modified":"2026-03-28T01:49:34","modified_gmt":"2026-03-28T01:49:34","slug":"payment-orchestration","status":"publish","type":"page","link":"https:\/\/ashantiai.com\/es\/payment-orchestration\/","title":{"rendered":"Orquestaci\u00f3n de pagos"},"content":{"rendered":"<div data-elementor-type=\"wp-page\" data-elementor-id=\"4341\" class=\"elementor elementor-4341\" data-elementor-post-type=\"page\">\n\t\t\t\t<div class=\"elementor-element elementor-element-4f19e7b e-con-full e-flex animejs-disable e-con e-parent\" data-id=\"4f19e7b\" data-element_type=\"container\" data-e-type=\"container\">\n\t\t<div class=\"elementor-element elementor-element-6e4ac94 e-flex e-con-boxed animejs-disable e-con e-child\" data-id=\"6e4ac94\" data-element_type=\"container\" data-e-type=\"container\">\n\t\t\t\t\t<div class=\"e-con-inner\">\n\t\t<div class=\"elementor-element elementor-element-247a379 e-con-full e-flex animejs-disable e-con e-child\" data-id=\"247a379\" data-element_type=\"container\" data-e-type=\"container\">\n\t\t\t\t<div class=\"elementor-element elementor-element-0c1dfe8 animated-fast animejs-disable elementor-invisible elementor-widget elementor-widget-tg-heading\" data-id=\"0c1dfe8\" data-element_type=\"widget\" data-e-type=\"widget\" data-settings=\"{&quot;_animation&quot;:&quot;fadeInUp&quot;}\" data-widget_type=\"tg-heading.default\">\n\t\t\t\t<div class=\"elementor-widget-container\">\n\t\t\t\t\t        <h2 class=\"title tg-element-title mb-0\">Orquestaci\u00f3n de pagos<\/h2>\r\n    \t\t\t\t<\/div>\n\t\t\t\t<\/div>\n\t\t\t\t<div class=\"elementor-element elementor-element-9a53db6 dark:text-white text-dark text-opacity-70 animated-fast animejs-disable elementor-invisible elementor-widget elementor-widget-tg-heading\" data-id=\"9a53db6\" data-element_type=\"widget\" data-e-type=\"widget\" data-settings=\"{&quot;_animation&quot;:&quot;fadeInUp&quot;}\" data-widget_type=\"tg-heading.default\">\n\t\t\t\t<div class=\"elementor-widget-container\">\n\t\t\t\t\t        <p class=\"title tg-element-title mb-0\">Las operaciones de pago exigen precisi\u00f3n y confianza. Ashanti AI automatiza los flujos de trabajo de pago bas\u00e1ndose en el cumplimiento de la norma PCI DSS. Funciones como la programaci\u00f3n flexible, los reintentos autom\u00e1ticos en caso de transacciones fallidas y la conciliaci\u00f3n en tiempo real garantizan un funcionamiento fluido tanto para las empresas como para los clientes.<\/p>\r\n    \t\t\t\t<\/div>\n\t\t\t\t<\/div>\n\t\t\t\t<div class=\"elementor-element elementor-element-4194deb dark:text-white text-dark text-opacity-70 animated-fast animejs-disable elementor-invisible elementor-widget elementor-widget-tg-heading\" data-id=\"4194deb\" data-element_type=\"widget\" data-e-type=\"widget\" data-settings=\"{&quot;_animation&quot;:&quot;fadeInUp&quot;}\" data-widget_type=\"tg-heading.default\">\n\t\t\t\t<div class=\"elementor-widget-container\">\n\t\t\t\t\t        <p class=\"title tg-element-title mb-0\">M\u00e1s all\u00e1 del procesamiento, nuestra plataforma ofrece an\u00e1lisis predictivos e informes, lo que ayuda a las organizaciones a prever el flujo de caja e identificar patrones de riesgo. Al encargarse la automatizaci\u00f3n de los detalles, los equipos financieros pueden centrarse en la estrategia en lugar de en la resoluci\u00f3n de problemas relacionados con las transacciones.<\/p>\r\n    \t\t\t\t<\/div>\n\t\t\t\t<\/div>\n\t\t\t\t<\/div>\n\t\t\t\t\t<\/div>\n\t\t\t\t<\/div>\n\t\t\t\t<\/div>\n\t\t\t\t<\/div>","protected":false},"excerpt":{"rendered":"<p>Payment Orchestration Payment operations demand precision and trust. Ashanti AI automates payment workflows with PCI DSS compliance at their core. Features like flexible scheduling, automatic retries for failed transactions, and real-time reconciliation ensure smooth operations for both businesses and customers. Beyond processing, our platform provides predictive analytics and reporting, helping organizations forecast cash flow and [&hellip;]<\/p>\n","protected":false},"author":1,"featured_media":0,"parent":0,"menu_order":0,"comment_status":"closed","ping_status":"closed","template":"elementor_header_footer","meta":{"_acf_changed":false,"footnotes":""},"class_list":["post-4341","page","type-page","status-publish","hentry"],"acf":[],"_links":{"self":[{"href":"https:\/\/ashantiai.com\/es\/wp-json\/wp\/v2\/pages\/4341","targetHints":{"allow":["GET"]}}],"collection":[{"href":"https:\/\/ashantiai.com\/es\/wp-json\/wp\/v2\/pages"}],"about":[{"href":"https:\/\/ashantiai.com\/es\/wp-json\/wp\/v2\/types\/page"}],"author":[{"embeddable":true,"href":"https:\/\/ashantiai.com\/es\/wp-json\/wp\/v2\/users\/1"}],"replies":[{"embeddable":true,"href":"https:\/\/ashantiai.com\/es\/wp-json\/wp\/v2\/comments?post=4341"}],"version-history":[{"count":9,"href":"https:\/\/ashantiai.com\/es\/wp-json\/wp\/v2\/pages\/4341\/revisions"}],"predecessor-version":[{"id":4616,"href":"https:\/\/ashantiai.com\/es\/wp-json\/wp\/v2\/pages\/4341\/revisions\/4616"}],"wp:attachment":[{"href":"https:\/\/ashantiai.com\/es\/wp-json\/wp\/v2\/media?parent=4341"}],"curies":[{"name":"wp","href":"https:\/\/api.w.org\/{rel}","templated":true}]}}